{"id":881,"date":"2025-12-12T10:31:11","date_gmt":"2025-12-12T10:31:11","guid":{"rendered":"https:\/\/kalle.kiez-buero.de\/?page_id=881"},"modified":"2026-01-22T08:38:03","modified_gmt":"2026-01-22T08:38:03","slug":"contact","status":"publish","type":"page","link":"https:\/\/kalle.kiez-buero.de\/en\/contact\/","title":{"rendered":"Contact us"},"content":{"rendered":"\t\t<div data-elementor-type=\"wp-page\" data-elementor-id=\"881\" class=\"elementor elementor-881 elementor-880\" data-elementor-post-type=\"page\">\n\t\t\t\t<div class=\"elementor-element elementor-element-0cc626a e-flex e-con-boxed e-con e-parent\" data-id=\"0cc626a\" data-element_type=\"container\" data-e-type=\"container\" data-settings=\"{&quot;background_background&quot;:&quot;gradient&quot;}\">\n\t\t\t\t\t<div class=\"e-con-inner\">\n\t\t<div class=\"elementor-element elementor-element-152a25b e-grid e-con-full e-con e-child\" data-id=\"152a25b\" data-element_type=\"container\" data-e-type=\"container\">\n\t\t\t\t<div class=\"elementor-element elementor-element-46302dc elementor-widget elementor-widget-heading\" data-id=\"46302dc\" data-element_type=\"widget\" data-e-type=\"widget\" data-widget_type=\"heading.default\">\n\t\t\t\t<div class=\"elementor-widget-container\">\n\t\t\t\t\t<h1 class=\"elementor-heading-title elementor-size-default\">We are here for you!  <br>Contact the Kiez B\u00fcro Kalle Neuk\u00f6lln team<\/h1>\t\t\t\t<\/div>\n\t\t\t\t<\/div>\n\t\t\t\t<div class=\"elementor-element elementor-element-545bd58 elementor-widget__width-initial elementor-widget-mobile__width-auto elementor-widget elementor-widget-text-editor\" data-id=\"545bd58\" data-element_type=\"widget\" data-e-type=\"widget\" data-widget_type=\"text-editor.default\">\n\t\t\t\t<div class=\"elementor-widget-container\">\n\t\t\t\t\t\t\t\t\t<p>Do you have any questions, suggestions or simply want to talk to us?<\/p><p>Whether it&#8217;s about our offices, coworking spaces or meeting rooms &#8211; we are your team and will be happy to help you!<\/p><p>Get in touch with us \u2014 we\u2019re happy to discuss your office needs.<\/p>\t\t\t\t\t\t\t\t<\/div>\n\t\t\t\t<\/div>\n\t\t\t\t<\/div>\n\t\t\t\t\t<\/div>\n\t\t\t\t<\/div>\n\t\t<div class=\"elementor-element elementor-element-f209fb2 e-flex e-con-boxed e-con e-parent\" data-id=\"f209fb2\" data-element_type=\"container\" data-e-type=\"container\">\n\t\t\t\t\t<div class=\"e-con-inner\">\n\t\t<div class=\"elementor-element elementor-element-304cf11 e-grid e-con-full e-con e-child\" data-id=\"304cf11\" data-element_type=\"container\" data-e-type=\"container\">\n\t\t\t\t<div class=\"elementor-element elementor-element-1d589c7b elementor-widget-tablet__width-inherit elementor-button-align-stretch elementor-widget elementor-widget-form\" data-id=\"1d589c7b\" data-element_type=\"widget\" data-e-type=\"widget\" data-settings=\"{&quot;step_next_label&quot;:&quot;Next&quot;,&quot;step_previous_label&quot;:&quot;Previous&quot;,&quot;button_width&quot;:&quot;100&quot;,&quot;step_type&quot;:&quot;number_text&quot;,&quot;step_icon_shape&quot;:&quot;circle&quot;}\" data-widget_type=\"form.default\">\n\t\t\t\t<div class=\"elementor-widget-container\">\n\t\t\t\t\t\t\t<form class=\"elementor-form\" method=\"post\" name=\"Contact page form\" aria-label=\"Contact page form\" novalidate=\"\">\n\t\t\t<input type=\"hidden\" name=\"post_id\" value=\"881\"\/>\n\t\t\t<input type=\"hidden\" name=\"form_id\" value=\"1d589c7b\"\/>\n\t\t\t<input type=\"hidden\" name=\"referer_title\" value=\"Kalle Neuk\u00f6lln\" \/>\n\n\t\t\t\n\t\t\t<div class=\"elementor-form-fields-wrapper elementor-labels-above\">\n\t\t\t\t\t\t\t\t<div class=\"elementor-field-type-text elementor-field-group elementor-column elementor-field-group-vorname elementor-col-50 elementor-field-required\">\n\t\t\t\t\t\t\t\t\t\t\t\t<label for=\"form-field-vorname\" class=\"elementor-field-label\">\n\t\t\t\t\t\t\t\tFirst name*\t\t\t\t\t\t\t<\/label>\n\t\t\t\t\t\t\t\t\t\t\t\t\t\t<input size=\"1\" type=\"text\" name=\"form_fields[vorname]\" id=\"form-field-vorname\" class=\"elementor-field elementor-size-md  elementor-field-textual\" placeholder=\"Max\" required=\"required\">\n\t\t\t\t\t\t\t\t\t\t\t<\/div>\n\t\t\t\t\t\t\t\t<div class=\"elementor-field-type-text elementor-field-group elementor-column elementor-field-group-nachname elementor-col-50 elementor-field-required\">\n\t\t\t\t\t\t\t\t\t\t\t\t<label for=\"form-field-nachname\" class=\"elementor-field-label\">\n\t\t\t\t\t\t\t\tLast name*\t\t\t\t\t\t\t<\/label>\n\t\t\t\t\t\t\t\t\t\t\t\t\t\t<input size=\"1\" type=\"text\" name=\"form_fields[nachname]\" id=\"form-field-nachname\" class=\"elementor-field elementor-size-md  elementor-field-textual\" placeholder=\"Miller\" required=\"required\">\n\t\t\t\t\t\t\t\t\t\t\t<\/div>\n\t\t\t\t\t\t\t\t<div class=\"elementor-field-type-email elementor-field-group elementor-column elementor-field-group-email elementor-col-50 elementor-field-required\">\n\t\t\t\t\t\t\t\t\t\t\t\t<label for=\"form-field-email\" class=\"elementor-field-label\">\n\t\t\t\t\t\t\t\tE-mail address*\t\t\t\t\t\t\t<\/label>\n\t\t\t\t\t\t\t\t\t\t\t\t\t\t<input size=\"1\" type=\"email\" name=\"form_fields[email]\" id=\"form-field-email\" class=\"elementor-field elementor-size-md  elementor-field-textual\" placeholder=\"mustermann@muster.com\" required=\"required\">\n\t\t\t\t\t\t\t\t\t\t\t<\/div>\n\t\t\t\t\t\t\t\t<div class=\"elementor-field-type-tel elementor-field-group elementor-column elementor-field-group-telefon elementor-col-50 elementor-field-required\">\n\t\t\t\t\t\t\t\t\t\t\t\t<label for=\"form-field-telefon\" class=\"elementor-field-label\">\n\t\t\t\t\t\t\t\tTelephone number*\t\t\t\t\t\t\t<\/label>\n\t\t\t\t\t\t\t\t<input size=\"1\" type=\"tel\" name=\"form_fields[telefon]\" id=\"form-field-telefon\" class=\"elementor-field elementor-size-md  elementor-field-textual\" placeholder=\"0123 456 7895\" required=\"required\" pattern=\"[0-9()#&amp;+*-=.]+\" title=\"Only numbers and phone characters (#, -, *, etc) are accepted.\">\n\n\t\t\t\t\t\t<\/div>\n\t\t\t\t\t\t\t\t<div class=\"elementor-field-type-select elementor-field-group elementor-column elementor-field-group-firma elementor-col-100 elementor-field-required\">\n\t\t\t\t\t\t\t\t\t\t\t\t<label for=\"form-field-firma\" class=\"elementor-field-label\">\n\t\t\t\t\t\t\t\tI am interested in:*\t\t\t\t\t\t\t<\/label>\n\t\t\t\t\t\t\t\t<div class=\"elementor-field elementor-select-wrapper remove-before \">\n\t\t\t<div class=\"select-caret-down-wrapper\">\n\t\t\t\t<svg aria-hidden=\"true\" class=\"e-font-icon-svg e-eicon-caret-down\" viewBox=\"0 0 571.4 571.4\" xmlns=\"http:\/\/www.w3.org\/2000\/svg\"><path d=\"M571 393Q571 407 561 418L311 668Q300 679 286 679T261 668L11 418Q0 407 0 393T11 368 36 357H536Q550 357 561 368T571 393Z\"><\/path><\/svg>\t\t\t<\/div>\n\t\t\t<select name=\"form_fields[firma]\" id=\"form-field-firma\" class=\"elementor-field-textual elementor-size-md\" required=\"required\">\n\t\t\t\t\t\t\t\t\t<option value=\"General inquiry\">General inquiry<\/option>\n\t\t\t\t\t\t\t\t\t<option value=\"Appointment to view\">Appointment to view<\/option>\n\t\t\t\t\t\t\t\t\t<option value=\"Feedback\">Feedback<\/option>\n\t\t\t\t\t\t\t\t\t<option value=\"Coworking\">Coworking<\/option>\n\t\t\t\t\t\t\t\t\t<option value=\"Office space\">Office space<\/option>\n\t\t\t\t\t\t\t\t\t<option value=\"Meeting rooms\">Meeting rooms<\/option>\n\t\t\t\t\t\t\t\t\t<option value=\"Virtual office\">Virtual office<\/option>\n\t\t\t\t\t\t\t<\/select>\n\t\t<\/div>\n\t\t\t\t\t\t<\/div>\n\t\t\t\t\t\t\t\t<div class=\"elementor-field-type-textarea elementor-field-group elementor-column elementor-field-group-nachricht elementor-col-100\">\n\t\t\t\t\t\t\t\t\t\t\t\t<label for=\"form-field-nachricht\" class=\"elementor-field-label\">\n\t\t\t\t\t\t\t\tHow can we help you?\t\t\t\t\t\t\t<\/label>\n\t\t\t\t\t\t<textarea class=\"elementor-field-textual elementor-field  elementor-size-md\" name=\"form_fields[nachricht]\" id=\"form-field-nachricht\" rows=\"6\" placeholder=\"For viewings or general enquiries, we look forward to hearing from you.\"><\/textarea>\t\t\t\t<\/div>\n\t\t\t\t\t\t\t\t<div class=\"elementor-field-type-acceptance elementor-field-group elementor-column elementor-field-group-Datenschutz elementor-col-100 elementor-field-required\">\n\t\t\t\t\t\t\t<div class=\"elementor-field-subgroup\">\n\t\t\t<span class=\"elementor-field-option\">\n\t\t\t\t<input type=\"checkbox\" name=\"form_fields[Datenschutz]\" id=\"form-field-Datenschutz\" class=\"elementor-field elementor-size-md  elementor-acceptance-field\" required=\"required\">\n\t\t\t\t<label for=\"form-field-Datenschutz\">Yes, I have read the <a href=\"https:\/\/kalle.kiez-buero.de\/en\/privacy-policy\/\" target=\"_blank\">privacy policy<\/a> and agree that the data I have provided may be collected and stored electronically. My data will only be used for the specific purpose of processing and responding to my enquiry. <\/label>\t\t\t<\/span>\n\t\t<\/div>\n\t\t\t\t\t\t<\/div>\n\t\t\t\t\t\t\t\t<div class=\"elementor-field-type-text\">\n\t\t\t\t\t<input size=\"1\" type=\"text\" name=\"form_fields[field_4e409b1]\" id=\"form-field-field_4e409b1\" class=\"elementor-field elementor-size-md \" style=\"display:none !important;\">\t\t\t\t<\/div>\n\t\t\t\t\t\t\t\t<div class=\"elementor-field-type-recaptcha_v3 elementor-field-group elementor-column elementor-field-group-field_0d10d1c elementor-col-100 recaptcha_v3-bottomright\">\n\t\t\t\t\t<div class=\"elementor-field\" id=\"form-field-field_0d10d1c\"><div class=\"elementor-g-recaptcha\" data-sitekey=\"6LdDLEosAAAAAAMgxbZVF4fE503bmnzCOZIHv_wN\" data-type=\"v3\" data-action=\"Form\" data-badge=\"bottomright\" data-size=\"invisible\"><\/div><\/div>\t\t\t\t<\/div>\n\t\t\t\t\t\t\t\t<div class=\"elementor-field-group elementor-column elementor-field-type-submit elementor-col-100 e-form__buttons\">\n\t\t\t\t\t<button class=\"elementor-button elementor-size-sm\" type=\"submit\" id=\"nachricht-senden\">\n\t\t\t\t\t\t<span class=\"elementor-button-content-wrapper\">\n\t\t\t\t\t\t\t\t\t\t\t\t\t\t\t\t\t\t\t\t\t\t<span class=\"elementor-button-text\">Send message<\/span>\n\t\t\t\t\t\t\t\t\t\t\t\t\t<\/span>\n\t\t\t\t\t<\/button>\n\t\t\t\t<\/div>\n\t\t\t<\/div>\n\t\t<\/form>\n\t\t\t\t\t\t<\/div>\n\t\t\t\t<\/div>\n\t\t<div class=\"elementor-element elementor-element-f3a6c0b e-con-full e-flex e-con e-child\" data-id=\"f3a6c0b\" data-element_type=\"container\" data-e-type=\"container\" data-settings=\"{&quot;background_background&quot;:&quot;classic&quot;}\">\n\t\t\t\t<div class=\"elementor-element elementor-element-28738f2 elementor-widget elementor-widget-heading\" data-id=\"28738f2\" data-element_type=\"widget\" data-e-type=\"widget\" data-widget_type=\"heading.default\">\n\t\t\t\t<div class=\"elementor-widget-container\">\n\t\t\t\t\t<h2 class=\"elementor-heading-title elementor-size-default\">Would you prefer to speak to us in person?<\/h2>\t\t\t\t<\/div>\n\t\t\t\t<\/div>\n\t\t\t\t<div class=\"elementor-element elementor-element-8d553c0 elementor-widget elementor-widget-text-editor\" data-id=\"8d553c0\" data-element_type=\"widget\" data-e-type=\"widget\" data-widget_type=\"text-editor.default\">\n\t\t\t\t<div class=\"elementor-widget-container\">\n\t\t\t\t\t\t\t\t\t<p>Address: Karl-Marx-Stra\u00dfe 101, 12043 Berlin<\/p>\t\t\t\t\t\t\t\t<\/div>\n\t\t\t\t<\/div>\n\t\t\t\t<div class=\"elementor-element elementor-element-493e4c7 elementor-widget elementor-widget-text-editor\" data-id=\"493e4c7\" data-element_type=\"widget\" data-e-type=\"widget\" data-widget_type=\"text-editor.default\">\n\t\t\t\t<div class=\"elementor-widget-container\">\n\t\t\t\t\t\t\t\t\t<p>Important note: Visits are by appointment only so that we can provide you with the best possible support.<\/p>\t\t\t\t\t\t\t\t<\/div>\n\t\t\t\t<\/div>\n\t\t\t\t<div class=\"elementor-element elementor-element-f8d04e9 elementor-widget elementor-widget-image\" data-id=\"f8d04e9\" data-element_type=\"widget\" data-e-type=\"widget\" data-widget_type=\"image.default\">\n\t\t\t\t<div class=\"elementor-widget-container\">\n\t\t\t\t\t\t\t\t\t\t\t\t\t\t\t\t<a href=\"https:\/\/kalle.kiez-buero.de\/wp-content\/uploads\/2025\/12\/kartenansicht-kalle-neukoelln.png\" data-elementor-open-lightbox=\"yes\" data-elementor-lightbox-title=\"kartenansicht-kalle-neukoelln\" data-e-action-hash=\"#elementor-action%3Aaction%3Dlightbox%26settings%3DeyJpZCI6ODk0LCJ1cmwiOiJodHRwczpcL1wva2FsbGUua2llei1idWVyby5kZVwvd3AtY29udGVudFwvdXBsb2Fkc1wvMjAyNVwvMTJcL2thcnRlbmFuc2ljaHQta2FsbGUtbmV1a29lbGxuLnBuZyJ9\">\n\t\t\t\t\t\t\t<img fetchpriority=\"high\" decoding=\"async\" width=\"800\" height=\"424\" src=\"https:\/\/kalle.kiez-buero.de\/wp-content\/uploads\/2025\/12\/kartenansicht-kalle-neukoelln.png\" class=\"attachment-full size-full wp-image-894\" alt=\"\" srcset=\"https:\/\/kalle.kiez-buero.de\/wp-content\/uploads\/2025\/12\/kartenansicht-kalle-neukoelln.png 800w, https:\/\/kalle.kiez-buero.de\/wp-content\/uploads\/2025\/12\/kartenansicht-kalle-neukoelln-300x159.png 300w, https:\/\/kalle.kiez-buero.de\/wp-content\/uploads\/2025\/12\/kartenansicht-kalle-neukoelln-768x407.png 768w\" sizes=\"(max-width: 800px) 100vw, 800px\" \/>\t\t\t\t\t\t\t\t<\/a>\n\t\t\t\t\t\t\t\t\t\t\t\t\t\t\t<\/div>\n\t\t\t\t<\/div>\n\t\t\t\t<\/div>\n\t\t\t\t<\/div>\n\t\t\t\t\t<\/div>\n\t\t\t\t<\/div>\n\t\t\t\t<\/div>\n\t\t","protected":false},"excerpt":{"rendered":"<p>We are here for you! Contact the Kiez B\u00fcro Kalle Neuk\u00f6lln team Do you have any questions, suggestions or simply want to talk to us? Whether it&#8217;s about our offices, coworking spaces or meeting rooms &#8211; we are your team and will be happy to help you! Get in touch with us \u2014 we\u2019re happy [&hellip;]<\/p>\n","protected":false},"author":1,"featured_media":0,"parent":0,"menu_order":0,"comment_status":"closed","ping_status":"closed","template":"","meta":{"footnotes":""},"class_list":["post-881","page","type-page","status-publish","hentry"],"yoast_head":"<!-- This site is optimized with the Yoast SEO plugin v27.2 - https:\/\/yoast.com\/product\/yoast-seo-wordpress\/ -->\n<title>Your contact to Kiez B\u00fcro Berlin Neuk\u00f6lln | Ask now!<\/title>\n<meta name=\"description\" content=\"Find the right contact for your office, coworking or meeting room in Berlin-Neuk\u00f6lln. Write to us or use our form.\" \/>\n<meta name=\"robots\" content=\"index, follow, max-snippet:-1, max-image-preview:large, max-video-preview:-1\" \/>\n<link rel=\"canonical\" href=\"https:\/\/kalle.kiez-buero.de\/en\/contact\/\" \/>\n<meta property=\"og:locale\" content=\"en_US\" \/>\n<meta property=\"og:type\" content=\"article\" \/>\n<meta property=\"og:title\" content=\"Your contact to Kiez B\u00fcro Berlin Neuk\u00f6lln | Ask now!\" \/>\n<meta property=\"og:description\" content=\"Find the right contact for your office, coworking or meeting room in Berlin-Neuk\u00f6lln. Write to us or use our form.\" \/>\n<meta property=\"og:url\" content=\"https:\/\/kalle.kiez-buero.de\/en\/contact\/\" \/>\n<meta property=\"og:site_name\" content=\"Kalle Neuk\u00f6lln\" \/>\n<meta property=\"article:modified_time\" content=\"2026-01-22T08:38:03+00:00\" \/>\n<meta property=\"og:image\" content=\"https:\/\/kalle.kiez-buero.de\/wp-content\/uploads\/2025\/12\/kartenansicht-kalle-neukoelln.png\" \/>\n\t<meta property=\"og:image:width\" content=\"800\" \/>\n\t<meta property=\"og:image:height\" content=\"424\" \/>\n\t<meta property=\"og:image:type\" content=\"image\/png\" \/>\n<meta name=\"twitter:card\" content=\"summary_large_image\" \/>\n<script type=\"application\/ld+json\" class=\"yoast-schema-graph\">{\"@context\":\"https:\/\/schema.org\",\"@graph\":[{\"@type\":\"WebPage\",\"@id\":\"https:\/\/kalle.kiez-buero.de\/en\/contact\/\",\"url\":\"https:\/\/kalle.kiez-buero.de\/en\/contact\/\",\"name\":\"Your contact to Kiez B\u00fcro Berlin Neuk\u00f6lln | Ask now!\",\"isPartOf\":{\"@id\":\"https:\/\/kalle.kiez-buero.de\/en\/#website\"},\"primaryImageOfPage\":{\"@id\":\"https:\/\/kalle.kiez-buero.de\/en\/contact\/#primaryimage\"},\"image\":{\"@id\":\"https:\/\/kalle.kiez-buero.de\/en\/contact\/#primaryimage\"},\"thumbnailUrl\":\"https:\/\/kalle.kiez-buero.de\/wp-content\/uploads\/2025\/12\/kartenansicht-kalle-neukoelln.png\",\"datePublished\":\"2025-12-12T10:31:11+00:00\",\"dateModified\":\"2026-01-22T08:38:03+00:00\",\"description\":\"Find the right contact for your office, coworking or meeting room in Berlin-Neuk\u00f6lln. Write to us or use our form.\",\"breadcrumb\":{\"@id\":\"https:\/\/kalle.kiez-buero.de\/en\/contact\/#breadcrumb\"},\"inLanguage\":\"en-US\",\"potentialAction\":[{\"@type\":\"ReadAction\",\"target\":[\"https:\/\/kalle.kiez-buero.de\/en\/contact\/\"]}]},{\"@type\":\"ImageObject\",\"inLanguage\":\"en-US\",\"@id\":\"https:\/\/kalle.kiez-buero.de\/en\/contact\/#primaryimage\",\"url\":\"https:\/\/kalle.kiez-buero.de\/wp-content\/uploads\/2025\/12\/kartenansicht-kalle-neukoelln.png\",\"contentUrl\":\"https:\/\/kalle.kiez-buero.de\/wp-content\/uploads\/2025\/12\/kartenansicht-kalle-neukoelln.png\"},{\"@type\":\"BreadcrumbList\",\"@id\":\"https:\/\/kalle.kiez-buero.de\/en\/contact\/#breadcrumb\",\"itemListElement\":[{\"@type\":\"ListItem\",\"position\":1,\"name\":\"Startseite\",\"item\":\"https:\/\/kalle.kiez-buero.de\/en\/\"},{\"@type\":\"ListItem\",\"position\":2,\"name\":\"Contact us\"}]},{\"@type\":\"WebSite\",\"@id\":\"https:\/\/kalle.kiez-buero.de\/en\/#website\",\"url\":\"https:\/\/kalle.kiez-buero.de\/en\/\",\"name\":\"Kalle Neuk\u00f6lln\",\"description\":\"\",\"potentialAction\":[{\"@type\":\"SearchAction\",\"target\":{\"@type\":\"EntryPoint\",\"urlTemplate\":\"https:\/\/kalle.kiez-buero.de\/en\/?s={search_term_string}\"},\"query-input\":{\"@type\":\"PropertyValueSpecification\",\"valueRequired\":true,\"valueName\":\"search_term_string\"}}],\"inLanguage\":\"en-US\"}]}<\/script>\n<!-- \/ Yoast SEO plugin. -->","yoast_head_json":{"title":"Your contact to Kiez B\u00fcro Berlin Neuk\u00f6lln | Ask now!","description":"Find the right contact for your office, coworking or meeting room in Berlin-Neuk\u00f6lln. Write to us or use our form.","robots":{"index":"index","follow":"follow","max-snippet":"max-snippet:-1","max-image-preview":"max-image-preview:large","max-video-preview":"max-video-preview:-1"},"canonical":"https:\/\/kalle.kiez-buero.de\/en\/contact\/","og_locale":"en_US","og_type":"article","og_title":"Your contact to Kiez B\u00fcro Berlin Neuk\u00f6lln | Ask now!","og_description":"Find the right contact for your office, coworking or meeting room in Berlin-Neuk\u00f6lln. Write to us or use our form.","og_url":"https:\/\/kalle.kiez-buero.de\/en\/contact\/","og_site_name":"Kalle Neuk\u00f6lln","article_modified_time":"2026-01-22T08:38:03+00:00","og_image":[{"width":800,"height":424,"url":"https:\/\/kalle.kiez-buero.de\/wp-content\/uploads\/2025\/12\/kartenansicht-kalle-neukoelln.png","type":"image\/png"}],"twitter_card":"summary_large_image","schema":{"@context":"https:\/\/schema.org","@graph":[{"@type":"WebPage","@id":"https:\/\/kalle.kiez-buero.de\/en\/contact\/","url":"https:\/\/kalle.kiez-buero.de\/en\/contact\/","name":"Your contact to Kiez B\u00fcro Berlin Neuk\u00f6lln | Ask now!","isPartOf":{"@id":"https:\/\/kalle.kiez-buero.de\/en\/#website"},"primaryImageOfPage":{"@id":"https:\/\/kalle.kiez-buero.de\/en\/contact\/#primaryimage"},"image":{"@id":"https:\/\/kalle.kiez-buero.de\/en\/contact\/#primaryimage"},"thumbnailUrl":"https:\/\/kalle.kiez-buero.de\/wp-content\/uploads\/2025\/12\/kartenansicht-kalle-neukoelln.png","datePublished":"2025-12-12T10:31:11+00:00","dateModified":"2026-01-22T08:38:03+00:00","description":"Find the right contact for your office, coworking or meeting room in Berlin-Neuk\u00f6lln. Write to us or use our form.","breadcrumb":{"@id":"https:\/\/kalle.kiez-buero.de\/en\/contact\/#breadcrumb"},"inLanguage":"en-US","potentialAction":[{"@type":"ReadAction","target":["https:\/\/kalle.kiez-buero.de\/en\/contact\/"]}]},{"@type":"ImageObject","inLanguage":"en-US","@id":"https:\/\/kalle.kiez-buero.de\/en\/contact\/#primaryimage","url":"https:\/\/kalle.kiez-buero.de\/wp-content\/uploads\/2025\/12\/kartenansicht-kalle-neukoelln.png","contentUrl":"https:\/\/kalle.kiez-buero.de\/wp-content\/uploads\/2025\/12\/kartenansicht-kalle-neukoelln.png"},{"@type":"BreadcrumbList","@id":"https:\/\/kalle.kiez-buero.de\/en\/contact\/#breadcrumb","itemListElement":[{"@type":"ListItem","position":1,"name":"Startseite","item":"https:\/\/kalle.kiez-buero.de\/en\/"},{"@type":"ListItem","position":2,"name":"Contact us"}]},{"@type":"WebSite","@id":"https:\/\/kalle.kiez-buero.de\/en\/#website","url":"https:\/\/kalle.kiez-buero.de\/en\/","name":"Kalle Neuk\u00f6lln","description":"","potentialAction":[{"@type":"SearchAction","target":{"@type":"EntryPoint","urlTemplate":"https:\/\/kalle.kiez-buero.de\/en\/?s={search_term_string}"},"query-input":{"@type":"PropertyValueSpecification","valueRequired":true,"valueName":"search_term_string"}}],"inLanguage":"en-US"}]}},"_links":{"self":[{"href":"https:\/\/kalle.kiez-buero.de\/en\/wp-json\/wp\/v2\/pages\/881","targetHints":{"allow":["GET"]}}],"collection":[{"href":"https:\/\/kalle.kiez-buero.de\/en\/wp-json\/wp\/v2\/pages"}],"about":[{"href":"https:\/\/kalle.kiez-buero.de\/en\/wp-json\/wp\/v2\/types\/page"}],"author":[{"embeddable":true,"href":"https:\/\/kalle.kiez-buero.de\/en\/wp-json\/wp\/v2\/users\/1"}],"replies":[{"embeddable":true,"href":"https:\/\/kalle.kiez-buero.de\/en\/wp-json\/wp\/v2\/comments?post=881"}],"version-history":[{"count":6,"href":"https:\/\/kalle.kiez-buero.de\/en\/wp-json\/wp\/v2\/pages\/881\/revisions"}],"predecessor-version":[{"id":1017,"href":"https:\/\/kalle.kiez-buero.de\/en\/wp-json\/wp\/v2\/pages\/881\/revisions\/1017"}],"wp:attachment":[{"href":"https:\/\/kalle.kiez-buero.de\/en\/wp-json\/wp\/v2\/media?parent=881"}],"curies":[{"name":"wp","href":"https:\/\/api.w.org\/{rel}","templated":true}]}}